{"id":1194,"date":"2025-04-11T11:57:13","date_gmt":"2025-04-11T11:57:13","guid":{"rendered":"https:\/\/medaxis.com\/motion-support"},"modified":"2025-09-08T20:13:16","modified_gmt":"2025-09-08T20:13:16","slug":"motion-support","status":"publish","type":"page","link":"https:\/\/medaxis.com\/de\/motion-support","title":{"rendered":"Motion-Unterst\u00fctzung"},"content":{"rendered":"\n<section class=\"text-accordions u-color-scheme-accent-heading has-background\"style=\"margin-bottom: var(--mdx-preset-spacing-10);\"id=\"block_a4e7eed7ac8cbd61770a04fd3a9d9ece\" data-component=\"text-accordions\">\n  <div class=\"text-accordions__container container container--xxl\">\n    <div class=\"text-accordions__inner\" style=\"background-color: #f6f6f6;\">\n      <div class=\"text-accordions__inner-container container container--xl\">\n        \n<div id=\"\" class=\"content-block u-text-align-left text-accordions__content\" style=\"--content-max-width: 720px;\" >\n  \n      <h2 class=\"content-block__title t-heading-medium\">\n      Motion-Unterst\u00fctzung f\u00fcr Patienten und \u00c4rzte    <\/h2>\n  \n  \n  <\/div>\n\n                  <div class=\"text-accordions__items\">\n                                        <div\n                class=\"text-accordions__item is-active is-open-default\"\n                data-component=\"accordion\" >\n                <button\n                  type=\"button\"\n                  class=\"text-accordions__item-header\"\n                  id=\"accordion-header-block_a4e7eed7ac8cbd61770a04fd3a9d9ece\"\n                  aria-controls=\"accordion-details-block_a4e7eed7ac8cbd61770a04fd3a9d9ece\"\n                  aria-expanded=\"true\"\n                  aria-selected=\"true\">\n                  <h3 class=\"text-accordions__item-title t-heading-small\">\n                    Kontakt                  <\/h3>\n\n                                      <span class=\"button button--icon\">\n                      <svg width=\"19\" height=\"13\" viewBox=\"0 0 19 13\">\n                        <path stroke=\"currentColor\" stroke-linecap=\"square\" d=\"M1 6.4h17.06m0 0L12.66 1m5.4 5.4-5.407 5.408\" \/>\n                      <\/svg>\n                    <\/span>\n                                  <\/button>\n\n                <div\n                  class=\"text-accordions__item-content\"\n                  id=\"accordion-details-block_a4e7eed7ac8cbd61770a04fd3a9d9ece\"\n                  aria-labelledby=\"accordion-header-block_a4e7eed7ac8cbd61770a04fd3a9d9ece\"\n                  >\n                  \n<div id=\"\" class=\"content-block u-text-align-left \" style=\"\" >\n  \n  \n      <div class=\"content-block__text t-body-large\">\n      <p><strong>Medaxis AG<br \/>\n<\/strong><br \/>\nTelefon: +41 62 823 88 00<br \/>\nE-Mail: info@medaxis.ch<\/p>\n    <\/div>\n  \n  <\/div>\n                <\/div>\n              <\/div>\n                      <\/div>\n              <\/div>\n    <\/div>\n  <\/div>\n<\/section>\n","protected":false},"excerpt":{"rendered":"","protected":false},"author":2,"featured_media":0,"parent":0,"menu_order":0,"comment_status":"closed","ping_status":"closed","template":"","meta":{"_acf_changed":true,"inline_featured_image":false,"footnotes":""},"class_list":["post-1194","page","type-page","status-publish","hentry"],"acf":[],"_links":{"self":[{"href":"https:\/\/medaxis.com\/de\/wp-json\/wp\/v2\/pages\/1194","targetHints":{"allow":["GET"]}}],"collection":[{"href":"https:\/\/medaxis.com\/de\/wp-json\/wp\/v2\/pages"}],"about":[{"href":"https:\/\/medaxis.com\/de\/wp-json\/wp\/v2\/types\/page"}],"author":[{"embeddable":true,"href":"https:\/\/medaxis.com\/de\/wp-json\/wp\/v2\/users\/2"}],"replies":[{"embeddable":true,"href":"https:\/\/medaxis.com\/de\/wp-json\/wp\/v2\/comments?post=1194"}],"version-history":[{"count":0,"href":"https:\/\/medaxis.com\/de\/wp-json\/wp\/v2\/pages\/1194\/revisions"}],"wp:attachment":[{"href":"https:\/\/medaxis.com\/de\/wp-json\/wp\/v2\/media?parent=1194"}],"curies":[{"name":"wp","href":"https:\/\/api.w.org\/{rel}","templated":true}]}}