{"id":1209,"date":"2025-03-27T22:09:52","date_gmt":"2025-03-27T22:09:52","guid":{"rendered":"https:\/\/medaxis.com\/solutions\/patients"},"modified":"2025-09-08T18:43:15","modified_gmt":"2025-09-08T18:43:15","slug":"patients","status":"publish","type":"page","link":"https:\/\/medaxis.com\/de\/solutions\/patients","title":{"rendered":"Patienten"},"content":{"rendered":"\n<section class=\"hero hero--height-large hero--align-left u-color-scheme-light\"style=\"margin-bottom: var(--mdx-preset-spacing-10);\"id=\"block_8653d4a955301a2a3f36a5fed20799af\">\n  <div class=\"hero__container \">\n    <div class=\"hero__inner\">\n              <div class=\"hero__media\">\n          \n<picture class=\"hero__image\">\n      <source media=\"(max-width: 767px)\" srcset=\/wp-content\/uploads\/2025\/04\/patients-hero-mobile-640x1024.jpg 640w, \/wp-content\/uploads\/2025\/04\/patients-hero-mobile-188x300.jpg 188w, \/wp-content\/uploads\/2025\/04\/patients-hero-mobile.jpg 750w>\n  \n  <img decoding=\"async\"\n    src=\"\/wp-content\/uploads\/2025\/04\/patients-hero-1024x427.jpeg\"\n    srcset=\"\/wp-content\/uploads\/2025\/04\/patients-hero-1024x427.jpeg 1024w, \/wp-content\/uploads\/2025\/04\/patients-hero-300x125.jpeg 300w, \/wp-content\/uploads\/2025\/04\/patients-hero-768x320.jpeg 768w, \/wp-content\/uploads\/2025\/04\/patients-hero-1536x640.jpeg 1536w, \/wp-content\/uploads\/2025\/04\/patients-hero-scaled.jpeg 2048w\"\n    alt=\"\"\n    loading=\"lazy\"\n    width=\"1024\"\n    height=\"427\"\n    style=\"\n                \"\n    sizes=\"(max-width: 767px) calc(100vw - (20px * 2)), calc(min(100vw, 1440px) - (20px * 2))\"\n    >\n<\/picture>        <\/div>\n      \n      <div class=\"hero__container container container--lg\">\n        \n<div id=\"\" class=\"content-block u-text-align-left hero__content\" style=\"--content-max-width: 600px;\" >\n  \n      <h2 class=\"content-block__title t-heading-medium\">\n      Patienten    <\/h2>\n  \n      <div class=\"content-block__text t-body-large\">\n      <p>Bitte rufen Sie Ihren Gesundheitsdienstleister an, wenn Sie Fragen zu Ihrer Wunde haben.<\/p>\n    <\/div>\n  \n      <div class=\"content-block__buttons\">\n                        <a                          href=\"\/de\/contact-us\"\n              target=\"_self\"\n                        class=\"button  \"\n                        >\n                          Kontaktieren Sie uns                      <\/a>\n                  <\/div>\n  <\/div>\n      <\/div>\n    <\/div>\n  <\/div>\n<\/section>\n\n\n<section class=\"image-text image-text--align-right u-color-scheme-secondary-accent-heading\"style=\"margin-top: var(--mdx-preset-spacing-50);margin-bottom: var(--mdx-preset-spacing-50);\"id=\"block_419df5c930ae4f0aab7360661ff135ac\">\n  <div class=\"image-text__container container container--md\">\n    <div class=\"image-text__inner\" style=\"background-color: ;\">\n      <div class=\"image-text__inner-container container container--lg\">\n                  <div class=\"image-text__media\">\n            \n<picture class=\"image-text__image\">\n  \n  <img decoding=\"async\"\n    src=\"\/wp-content\/uploads\/2025\/04\/npwt-supplies-1024x690.jpeg\"\n    srcset=\"\/wp-content\/uploads\/2025\/04\/npwt-supplies-1024x690.jpeg 1024w, \/wp-content\/uploads\/2025\/04\/npwt-supplies-300x202.jpeg 300w, \/wp-content\/uploads\/2025\/04\/npwt-supplies-768x518.jpeg 768w, \/wp-content\/uploads\/2025\/04\/npwt-supplies-1536x1035.jpeg 1536w, \/wp-content\/uploads\/2025\/04\/npwt-supplies.jpeg 1920w\"\n    alt=\"\"\n    loading=\"lazy\"\n    width=\"1024\"\n    height=\"690\"\n    style=\"\n                \"\n    sizes=\"(max-width: 767px) calc(100vw - (20px * 2)), calc((min(100vw, 1080px) - (20px * 2)) * 0.5)\"\n    >\n<\/picture>\n                      <\/div>\n        \n        \n<div id=\"\" class=\"content-block u-text-align-left image-text__content\" style=\"--content-max-width: 720px;\" >\n  \n      <h2 class=\"content-block__title t-heading-small\">\n      Entlassen aus dem Krankenhaus und auf der Suche nach NPWT-Versorgungsmaterial?    <\/h2>\n  \n      <div class=\"content-block__text t-body-normal\">\n      <p>Medaxis arbeitet mit vertrauensw\u00fcrdigen Anbietern f\u00fcr langlebige medizinische Ger\u00e4te zusammen, die Ihnen NPWT-Produkte liefern und Ihre Versicherungsgesellschaft in Rechnung stellen.<\/p>\n<p>Bitte wenden Sie sich an Ihren DME-Anbieter, wenn weitere NPWT-Versorgungen ben\u00f6tigt werden.<\/p>\n    <\/div>\n  \n  <\/div>\n      <\/div>\n    <\/div>\n  <\/div>\n<\/section>\n\n\n\n<section class=\"image-text image-text--align-left u-color-scheme-secondary-accent-heading\"style=\"margin-top: var(--mdx-preset-spacing-50);margin-bottom: var(--mdx-preset-spacing-50);\"id=\"block_7e51a879dc36d3c8a78be6d9baf8403f\">\n  <div class=\"image-text__container container container--md\">\n    <div class=\"image-text__inner\" style=\"background-color: ;\">\n      <div class=\"image-text__inner-container container container--lg\">\n                  <div class=\"image-text__media\">\n            \n<picture class=\"image-text__image\">\n  \n  <img decoding=\"async\"\n    src=\"\/wp-content\/uploads\/2025\/04\/npwt-discharged-wondering-why-e1745006344982-1024x719.jpeg\"\n    srcset=\"\/wp-content\/uploads\/2025\/04\/npwt-discharged-wondering-why-e1745006344982-1024x719.jpeg 1024w, \/wp-content\/uploads\/2025\/04\/npwt-discharged-wondering-why-e1745006344982-300x211.jpeg 300w, \/wp-content\/uploads\/2025\/04\/npwt-discharged-wondering-why-e1745006344982-768x539.jpeg 768w, \/wp-content\/uploads\/2025\/04\/npwt-discharged-wondering-why-e1745006344982.jpeg 1382w\"\n    alt=\"\"\n    loading=\"lazy\"\n    width=\"1024\"\n    height=\"719\"\n    style=\"\n                \"\n    sizes=\"(max-width: 767px) calc(100vw - (20px * 2)), calc((min(100vw, 1080px) - (20px * 2)) * 0.5)\"\n    >\n<\/picture>\n                      <\/div>\n        \n        \n<div id=\"\" class=\"content-block u-text-align-left image-text__content\" style=\"--content-max-width: 720px;\" >\n  \n      <h2 class=\"content-block__title t-heading-small\">\n      Entlassen mit NPWT und fragen Sie sich warum?    <\/h2>\n  \n      <div class=\"content-block__text t-body-normal\">\n      <p>Gesundheitsdienstleister verschreiben NPWT aus vielen Gr\u00fcnden, letztendlich um Ihnen beim Heilen zu helfen.<\/p>\n    <\/div>\n  \n  <\/div>\n      <\/div>\n    <\/div>\n  <\/div>\n<\/section>\n\n\n\n<section class=\"image-text image-text--align-right u-color-scheme-secondary-accent-heading\"style=\"margin-top: var(--mdx-preset-spacing-50);margin-bottom: var(--mdx-preset-spacing-50);\"id=\"block_a87f5d49d87e164a7f52d5de51c61742\">\n  <div class=\"image-text__container container container--md\">\n    <div class=\"image-text__inner\" style=\"background-color: ;\">\n      <div class=\"image-text__inner-container container container--lg\">\n                  <div class=\"image-text__media\">\n            \n<picture class=\"image-text__image\">\n  \n  <img decoding=\"async\"\n    src=\"\/wp-content\/uploads\/2025\/04\/patient-centered-npwt-systems-1024x690.jpeg\"\n    srcset=\"\/wp-content\/uploads\/2025\/04\/patient-centered-npwt-systems-1024x690.jpeg 1024w, \/wp-content\/uploads\/2025\/04\/patient-centered-npwt-systems-300x202.jpeg 300w, \/wp-content\/uploads\/2025\/04\/patient-centered-npwt-systems-768x518.jpeg 768w, \/wp-content\/uploads\/2025\/04\/patient-centered-npwt-systems-1536x1035.jpeg 1536w, \/wp-content\/uploads\/2025\/04\/patient-centered-npwt-systems.jpeg 1920w\"\n    alt=\"\"\n    loading=\"lazy\"\n    width=\"1024\"\n    height=\"690\"\n    style=\"\n                \"\n    sizes=\"(max-width: 767px) calc(100vw - (20px * 2)), calc((min(100vw, 1080px) - (20px * 2)) * 0.5)\"\n    >\n<\/picture>\n                      <\/div>\n        \n        \n<div id=\"\" class=\"content-block u-text-align-left image-text__content\" style=\"--content-max-width: 720px;\" >\n  \n      <h2 class=\"content-block__title t-heading-small\">\n      Patientenzentrierte NPWT-L\u00f6sungen    <\/h2>\n  \n      <div class=\"content-block__text t-body-normal\">\n      <p>Unsere NPWT-Systeme sind fl\u00fcsterleise, leicht und haben eine lange Akkulaufzeit, um Sie auf Ihrem Heilungsweg zu unterst\u00fctzen.<\/p>\n    <\/div>\n  \n  <\/div>\n      <\/div>\n    <\/div>\n  <\/div>\n<\/section>\n\n\n\n<section class=\"image-accordions u-color-scheme-light has-background\"style=\"margin-top: var(--mdx-preset-spacing-50);margin-bottom: var(--mdx-preset-spacing-50);\"id=\"block_7b9f31998d6ad57493419b431197e208\" data-component=\"image-accordions\">\n  <div class=\"image-accordions__container container container--lg\">\n    <div class=\"image-accordions__inner\" style=\"background-color: #179ee0;\">\n      <div class=\"image-accordions__inner-container container container--xl\">\n                  <div class=\"image-accordions__media\">\n            \n<picture class=\"image-accordions__image\">\n  \n  <img decoding=\"async\"\n    src=\"\/wp-content\/uploads\/2025\/04\/liberty-support-1-e1745481046764-1024x694.jpg\"\n    srcset=\"\/wp-content\/uploads\/2025\/04\/liberty-support-1-e1745481046764-1024x694.jpg 1024w, \/wp-content\/uploads\/2025\/04\/liberty-support-1-e1745481046764-300x203.jpg 300w, \/wp-content\/uploads\/2025\/04\/liberty-support-1-e1745481046764-768x521.jpg 768w, \/wp-content\/uploads\/2025\/04\/liberty-support-1-e1745481046764.jpg 1277w\"\n    alt=\"\"\n    loading=\"lazy\"\n    width=\"1024\"\n    height=\"694\"\n    style=\"\n                \"\n    sizes=\"(max-width: 767px) calc(100vw - (20px * 2)), calc((min(100vw, 1240px) - (20px * 2)) * 0.4)\"\n    data-image>\n<\/picture>          <\/div>\n        \n        \n<div id=\"\" class=\"content-block u-text-align-left image-accordions__header\" style=\"--content-max-width: 720px;\" >\n  \n      <h2 class=\"content-block__title t-heading-medium\">\n      Unterst\u00fctzung    <\/h2>\n  \n  \n  <\/div>\n\n                  <div class=\"image-accordions__items\">\n                          \n              <div\n                class=\"image-accordions__item is-active is-open-default\"\n                data-component=\"accordion\"\n                data-accordion-image=\"\/wp-content\/uploads\/2025\/04\/liberty-support-1-e1745481046764-1024x694.jpg\">\n                <button\n                  type=\"button\"\n                  class=\"image-accordions__item-header\"\n                  id=\"accordion-header-block_7b9f31998d6ad57493419b431197e208\"\n                  aria-controls=\"accordion-details-block_7b9f31998d6ad57493419b431197e208\"\n                  aria-expanded=\"true\"\n                  aria-selected=\"true\">\n                  <h3 class=\"image-accordions__item-title t-heading-small\">\n                    Liberty Patientenunterst\u00fctzung                  <\/h3>\n                <\/button>\n\n                <div\n                  class=\"image-accordions__item-content\"\n                  id=\"accordion-details-block_7b9f31998d6ad57493419b431197e208\"\n                  aria-labelledby=\"accordion-header-block_7b9f31998d6ad57493419b431197e208\"\n                  >\n                  \n<div id=\"\" class=\"content-block u-text-align-left \" style=\"\" >\n  \n  \n  \n      <div class=\"content-block__buttons\">\n                        <a                          href=\"\/de\/liberty-support\"\n              target=\"_self\"\n                        class=\"button  \"\n                        >\n                          Erfahren Sie mehr                      <\/a>\n                  <\/div>\n  <\/div>\n                <\/div>\n              <\/div>\n                          \n              <div\n                class=\"image-accordions__item\"\n                data-component=\"accordion\"\n                data-accordion-image=\"\/wp-content\/uploads\/2025\/04\/motion-support-2-e1745481110344-1024x693.jpg\">\n                <button\n                  type=\"button\"\n                  class=\"image-accordions__item-header\"\n                  id=\"accordion-header-block_7b9f31998d6ad57493419b431197e208\"\n                  aria-controls=\"accordion-details-block_7b9f31998d6ad57493419b431197e208\"\n                  aria-expanded=\"false\"\n                  aria-selected=\"false\">\n                  <h3 class=\"image-accordions__item-title t-heading-small\">\n                    Motion Patientenunterst\u00fctzung                  <\/h3>\n                <\/button>\n\n                <div\n                  class=\"image-accordions__item-content\"\n                  id=\"accordion-details-block_7b9f31998d6ad57493419b431197e208\"\n                  aria-labelledby=\"accordion-header-block_7b9f31998d6ad57493419b431197e208\"\n                  hidden>\n                  \n<div id=\"\" class=\"content-block u-text-align-left \" style=\"\" >\n  \n  \n  \n      <div class=\"content-block__buttons\">\n                        <a                          href=\"\/de\/motion-support\"\n              target=\"_self\"\n                        class=\"button  \"\n                        >\n                          Erfahren Sie mehr                      <\/a>\n                  <\/div>\n  <\/div>\n                <\/div>\n              <\/div>\n                      <\/div>\n              <\/div>\n    <\/div>\n  <\/div>\n<\/section>\n\n\n<section class=\"image-overlay-text u-color-scheme-light\"style=\"margin-top: var(--mdx-preset-spacing-50);margin-bottom: var(--mdx-preset-spacing-50);\"id=\"block_ccd0c5622ae3bc2624d22f45d50c941b\">\n  <div class=\"image-overlay-text__container container container--lg\">\n    <div class=\"image-overlay-text__inner\" style=\"background-color: ;\">\n              \n<picture class=\"image-overlay-text__image\">\n  \n  <img decoding=\"async\"\n    src=\"\/wp-content\/uploads\/2025\/03\/mdx-blue-background-1024x576.jpg\"\n    srcset=\"\/wp-content\/uploads\/2025\/03\/mdx-blue-background-1024x576.jpg 1024w, \/wp-content\/uploads\/2025\/03\/mdx-blue-background-300x169.jpg 300w, \/wp-content\/uploads\/2025\/03\/mdx-blue-background-768x432.jpg 768w, \/wp-content\/uploads\/2025\/03\/mdx-blue-background-1536x865.jpg 1536w, \/wp-content\/uploads\/2025\/03\/mdx-blue-background-scaled.jpg 2048w\"\n    alt=\"\"\n    loading=\"lazy\"\n    width=\"1024\"\n    height=\"576\"\n    style=\"\n                \"\n    sizes=\"(max-width: 767px) calc(100vw - (20px * 2)), calc(min(100vw, 1240px) - (20px * 2))\"\n    >\n<\/picture>      \n      \n<div id=\"\" class=\"content-block u-text-align-center image-overlay-text__content\" style=\"--content-max-width: 720px;\" >\n  \n      <h2 class=\"content-block__title t-heading-medium\">\n      Kontaktieren Sie uns    <\/h2>\n  \n  \n      <div class=\"content-block__buttons\">\n                        <a                          href=\"\/de\/contact-us\"\n              target=\"_self\"\n                        class=\"button  \"\n                        >\n                          Kontaktieren Sie uns                      <\/a>\n                  <\/div>\n  <\/div>\n    <\/div>\n  <\/div>\n<\/section>\n","protected":false},"excerpt":{"rendered":"","protected":false},"author":2,"featured_media":0,"parent":1180,"menu_order":0,"comment_status":"closed","ping_status":"closed","template":"","meta":{"_acf_changed":true,"inline_featured_image":false,"footnotes":""},"class_list":["post-1209","page","type-page","status-publish","hentry"],"acf":[],"_links":{"self":[{"href":"https:\/\/medaxis.com\/de\/wp-json\/wp\/v2\/pages\/1209","targetHints":{"allow":["GET"]}}],"collection":[{"href":"https:\/\/medaxis.com\/de\/wp-json\/wp\/v2\/pages"}],"about":[{"href":"https:\/\/medaxis.com\/de\/wp-json\/wp\/v2\/types\/page"}],"author":[{"embeddable":true,"href":"https:\/\/medaxis.com\/de\/wp-json\/wp\/v2\/users\/2"}],"replies":[{"embeddable":true,"href":"https:\/\/medaxis.com\/de\/wp-json\/wp\/v2\/comments?post=1209"}],"version-history":[{"count":0,"href":"https:\/\/medaxis.com\/de\/wp-json\/wp\/v2\/pages\/1209\/revisions"}],"up":[{"embeddable":true,"href":"https:\/\/medaxis.com\/de\/wp-json\/wp\/v2\/pages\/1180"}],"wp:attachment":[{"href":"https:\/\/medaxis.com\/de\/wp-json\/wp\/v2\/media?parent=1209"}],"curies":[{"name":"wp","href":"https:\/\/api.w.org\/{rel}","templated":true}]}}