{"id":1212,"date":"2025-03-27T23:15:34","date_gmt":"2025-03-27T23:15:34","guid":{"rendered":"https:\/\/medaxis.com\/terms-conditions"},"modified":"2025-12-06T15:37:51","modified_gmt":"2025-12-06T15:37:51","slug":"terms-conditions","status":"publish","type":"page","link":"https:\/\/medaxis.com\/de\/terms-conditions","title":{"rendered":"Allgemeine Gesch\u00e4ftsbedingungen"},"content":{"rendered":"\n<h1 class=\"wp-block-heading has-x-large-font-size\"><br><br>Allgemeine Gesch\u00e4ftsbedingungen<br><\/h1>\n\n\n\n<ol class=\"wp-block-list\">\n<li><strong>Allgemeines<\/strong>\n<ol class=\"wp-block-list\">\n<li>Die nachfolgenden Bedingungen gelten f\u00fcr die gesamten Gesch\u00e4ftsbeziehungen zwischen der Medaxis AG und ihren Gesch\u00e4ftskunden, sofern nicht ausdr\u00fcck-liche andere Vereinbarungen getroffen wurden. Allf\u00e4llige allgemeine Gesch\u00e4fts-bedingungen von Kunden werden hiermit ausdr\u00fccklich ausgeschlossen.<\/li>\n<\/ol>\n<\/li>\n<\/ol>\n\n\n\n<ol start=\"2\" class=\"wp-block-list\">\n<li><strong>Vertragsschluss<\/strong>\n<ol class=\"wp-block-list\">\n<li>Der Vertrag zwischen der Medaxis und dem Kunden kommt mit am Datum der schriftlichen Best\u00e4tigung durch Medaxis zustande.&nbsp;<\/li>\n<\/ol>\n<\/li>\n<\/ol>\n\n\n\n<ol start=\"3\" class=\"wp-block-list\">\n<li><strong>Liefergegenstand<\/strong>\n<ol class=\"wp-block-list\">\n<li>Der Liefergegenstand wird in der Best\u00e4tigung der Medaxis (und \/ oder in weiteren Dokumenten auf welche die Best\u00e4tigung verweist) umschrieben. Zus\u00e4tzliche Lieferungen und Leistungen der Medaxis, die in der Best\u00e4tigung nicht umschrieben sind, vom Kunden aber gleichwohl gew\u00fcnscht werden, werden dem Kunden zus\u00e4tzlich in Rechnung gestellt.<\/li>\n<\/ol>\n<\/li>\n<\/ol>\n\n\n\n<ol start=\"4\" class=\"wp-block-list\">\n<li><strong>Preise<\/strong>\n<ol class=\"wp-block-list\">\n<li>Soweit nicht anders vereinbart, verstehen sich die Preise netto, ex Werk Medaxis (Ex Works gem\u00e4ss INCOTERMS 2010), exkl. Mehrwertsteuer, in Schweizer Franken oder Euro. Versandkosten (Porto, Handling und Verpackung) und die Kosten einer \u00fcber den Standard hinausgehenden Verpackung gehen zulasten des Kunden.\u00a0<\/li>\n<\/ol>\n<\/li>\n<\/ol>\n\n\n\n<ol start=\"5\" class=\"wp-block-list\">\n<li><strong>Zahlungsbedingungen<\/strong>\n<ol class=\"wp-block-list\">\n<li>Die Rechnungen der Medaxis werden innert 30 Tagen ab Rechnungsdatum ohne Abz\u00fcge zur Zahlung f\u00e4llig. Nach Ablauf der Zahlungsfrist ger\u00e4t der Kunde ohne Mahnung in Verzug.&nbsp;<\/li>\n\n\n\n<li>Ger\u00e4t der Kunde mit der Zahlung von Rechnungen der Medaxis in Verzug, so schuldet er der Medaxis einen Verzugszins von 5 % p.a.&nbsp;<\/li>\n<\/ol>\n<\/li>\n<\/ol>\n\n\n\n<ol start=\"6\" class=\"wp-block-list\">\n<li><strong>Eigentumsvorbehalt<\/strong>\n<ol class=\"wp-block-list\">\n<li>Das Eigentum an den dem Kunden verkauften Liefergegenst\u00e4nden geht erst mit vollst\u00e4ndiger Bezahlung des Preises auf den Kunden \u00fcber. Bis dahin darf er nicht \u00fcber ihn verf\u00fcgen, insbesondere ihn weder verkaufen noch vermieten oder verpf\u00e4nden. Der Kunde ist verpflichtet, alle n\u00f6tigen Massnahmen zu treffen, um das Eigentum der Medaxis zu sch\u00fctzen und zu erhalten.&nbsp;<\/li>\n\n\n\n<li>Die Medaxis ist berechtigt den Eigentumsvorbehalt im entsprechenden Register eintragen zu lassen.&nbsp;<\/li>\n<\/ol>\n<\/li>\n<\/ol>\n\n\n\n<ol start=\"7\" class=\"wp-block-list\">\n<li><strong>Lieferfrist<\/strong>\n<ol class=\"wp-block-list\">\n<li>Vereinbarte Lieferfristen beginnen mit Abschluss des Vertrages zu laufen.<\/li>\n\n\n\n<li>Lieferfristen werden angemessen verl\u00e4ngert und Liefertermine werden angemessen verschoben, namentlich wenn einer der folgenden Umst\u00e4nde eintrifft:\n<ol class=\"wp-block-list\">\n<li>wenn der Kunde der Medaxis ben\u00f6tigte Informationen nicht rechtzeitig gibt oder diese kurzfristig \u00e4ndert;<\/li>\n\n\n\n<li>wenn sich der Kunde nicht an die vereinbarten Zahlungsbedingungen h\u00e4lt, das Akkreditiv nicht rechtzeitig er\u00f6ffnet oder nicht rechtzeitig f\u00fcr allf\u00e4llige Importbewilligungen sorgt;<\/li>\n\n\n\n<li>im Falle von h\u00f6herer Gewalt.&nbsp;<\/li>\n<\/ol>\n<\/li>\n<\/ol>\n<\/li>\n<\/ol>\n\n\n\n<ol start=\"8\" class=\"wp-block-list\">\n<li><strong>Lieferverzug<\/strong>\n<ol class=\"wp-block-list\">\n<li>Ger\u00e4t die Medaxis mit Ihren Lieferungen in Verzug, so verpflichtet sich der Kunde der Medaxis eine angemessene Nachfrist anzusetzen. Nach unben\u00fctztem Ablauf dieser Nachfrist ist der Kunde berechtigt, entweder weiterhin an der Leistung durch Medaxis festzuhalten (und eine weitere Nachfrist zu setzen) oder aber nach den gesetzlichen Regeln auf die Leistung zu verzichten oder vom Vertrag zur\u00fcck zu treten.&nbsp;<\/li>\n\n\n\n<li>Die Medaxis haftet dem Kunden f\u00fcr allf\u00e4llige Verzugssch\u00e4den soweit sie Absicht oder grobe Fahrl\u00e4ssigkeit trifft.&nbsp;<\/li>\n<\/ol>\n<\/li>\n<\/ol>\n\n\n\n<ol start=\"9\" class=\"wp-block-list\">\n<li><strong>Liefermodalit\u00e4t<\/strong>\n<ol class=\"wp-block-list\">\n<li>Die Lieferungen erfolgen, soweit die Parteien nicht ausdr\u00fccklich etwas anderes vereinbaren, ex Werk Medaxis (Ex Works, INCOTERMS 2010).<\/li>\n<\/ol>\n<\/li>\n<\/ol>\n\n\n\n<ol start=\"10\" class=\"wp-block-list\">\n<li><strong>Pr\u00fcfung der Liefergegenst\u00e4nde und M\u00e4ngelr\u00fcgen&nbsp;<\/strong>\n<ol class=\"wp-block-list\">\n<li>Der Kunde verpflichtet sich, die Liefergegenst\u00e4nde innert 10 Tagen nach Eingang bei ihm zu pr\u00fcfen und erkennbare M\u00e4ngel unverz\u00fcglich zu r\u00fcgen. Unterl\u00e4sst er die Pr\u00fcfung und \/ oder die R\u00fcge, so hat er die Liefergegenst\u00e4nde hinsichtlich erkennbarer M\u00e4ngel genehmigt.&nbsp;<\/li>\n\n\n\n<li>Der Kunde ist sodann gehalten, versteckte M\u00e4ngel, die er bei der Eingangspr\u00fcfung nicht hat feststellen k\u00f6nnen, unverz\u00fcglich nach deren Entdeckung zu r\u00fcgen. Unterl\u00e4sst er dies, so hat er die Liefergegenst\u00e4nde hinsichtlich der erkannten M\u00e4ngel genehmigt.&nbsp;<\/li>\n<\/ol>\n<\/li>\n<\/ol>\n\n\n\n<ol start=\"11\" class=\"wp-block-list\">\n<li><strong>Garantie und Reparaturen<\/strong>\n<ol class=\"wp-block-list\">\n<li>Die Medaxis gew\u00e4hrt ab dem Datum der Lieferung an den Anwender&nbsp; Garantie f\u00fcr einwandfreie Qualit\u00e4t und Verarbeitung aller Liefergegenst\u00e4nde (Garantiezeiten sind aus den einzelnen Gebrauchs-anweisungen ersichtlich). Fehlerhafte Liefergegenst\u00e4nde werden w\u00e4hrend dieser Zeit kostenlos repariert oder ersetzt, sofern keine unsachgem\u00e4sse Behandlung seitens des Kunden vorliegt.&nbsp;<\/li>\n\n\n\n<li>Anspr\u00fcche, die \u00fcber den beschriebenen Garantieumfang hinausgehen, insbeson-dere die Haftung f\u00fcr Mangelfolgesch\u00e4den, sind ausgeschlossen. Der Anspruch auf kostenlosen Ersatz defekter Teile entf\u00e4llt ausserdem, wenn am Ger\u00e4t Eingriffe von dazu nicht autorisierten Personen vorgenommen wurden. Zur Inanspruch-nahme der Garantieleistung ist das Ger\u00e4t einer Medaxis Servicestelle zu \u00fcbergeben. Reparaturkosten ausserhalb der Garantie werden voraus offeriert.<\/li>\n<\/ol>\n<\/li>\n<\/ol>\n\n\n\n<ol start=\"12\" class=\"wp-block-list\">\n<li><strong>Datenschutz<\/strong>\n<ol class=\"wp-block-list\">\n<li>Die Medaxis weist darauf hin, dass die im Rahmen des Vertragsschlusses aufge-nommenen Daten zur Erf\u00fcllung der Verpflichtung aus dem Kaufvertrag erhoben, verarbeitet und genutzt werden. Die zur Leistungserbringung und Ver-tragserf\u00fcllung notwendigen Daten k\u00f6nnen auch an beauftragte Dienstleistungspartner (z.B. Logistikunternehmen, Servicepartner, Inkassofirma) weitergegeben werden, unter anderem auch ins Ausland in L\u00e4nder, welche allenfalls nicht \u00fcber einen gleichwertigen Datenschutz verf\u00fcgen. Der Kunde erkl\u00e4rt sich mit der Zustimmung zu diesen AGB mit dieser Datennutzung einverstanden.<\/li>\n<\/ol>\n<\/li>\n<\/ol>\n\n\n\n<p>F\u00fcr Streitigkeiten aus oder im Zusammenhang mit Vertr\u00e4gen, auf die diese Allgemeinen Gesch\u00e4ftsbedingungen zur Anwendung kommen, vereinbaren die Parteien die Zust\u00e4ndigkeit der ordentlichen Gerichte am Sitz der Medaxis.&nbsp;<br><\/p>\n\n\n\n<p><strong>Anwendbares Recht und Gerichtsstand<\/strong><\/p>\n\n\n\n<p>Vertr\u00e4ge, auf die diese Allgemeinen Gesch\u00e4ftsbedingungen zur Anwendung kommen, unterstehen dem Schweizer Recht unter Ausschluss des UN Kaufrechts (CISG).&nbsp;<\/p>\n\n\n\n<p><\/p>\n","protected":false},"excerpt":{"rendered":"<p>Allgemeine Gesch\u00e4ftsbedingungen F\u00fcr Streitigkeiten aus oder im Zusammenhang mit Vertr\u00e4gen, auf die diese Allgemeinen Gesch\u00e4ftsbedingungen zur Anwendung kommen, vereinbaren die Parteien die Zust\u00e4ndigkeit der ordentlichen Gerichte am Sitz der Medaxis.&nbsp; Anwendbares Recht und Gerichtsstand Vertr\u00e4ge, auf die diese Allgemeinen Gesch\u00e4ftsbedingungen zur Anwendung kommen, unterstehen dem Schweizer Recht unter Ausschluss des UN Kaufrechts (CISG).&nbsp;<\/p>\n","protected":false},"author":2,"featured_media":0,"parent":0,"menu_order":0,"comment_status":"closed","ping_status":"closed","template":"","meta":{"_acf_changed":false,"inline_featured_image":false,"footnotes":""},"class_list":["post-1212","page","type-page","status-publish","hentry"],"acf":[],"_links":{"self":[{"href":"https:\/\/medaxis.com\/de\/wp-json\/wp\/v2\/pages\/1212","targetHints":{"allow":["GET"]}}],"collection":[{"href":"https:\/\/medaxis.com\/de\/wp-json\/wp\/v2\/pages"}],"about":[{"href":"https:\/\/medaxis.com\/de\/wp-json\/wp\/v2\/types\/page"}],"author":[{"embeddable":true,"href":"https:\/\/medaxis.com\/de\/wp-json\/wp\/v2\/users\/2"}],"replies":[{"embeddable":true,"href":"https:\/\/medaxis.com\/de\/wp-json\/wp\/v2\/comments?post=1212"}],"version-history":[{"count":0,"href":"https:\/\/medaxis.com\/de\/wp-json\/wp\/v2\/pages\/1212\/revisions"}],"wp:attachment":[{"href":"https:\/\/medaxis.com\/de\/wp-json\/wp\/v2\/media?parent=1212"}],"curies":[{"name":"wp","href":"https:\/\/api.w.org\/{rel}","templated":true}]}}