{"id":1179,"date":"2025-03-27T15:31:21","date_gmt":"2025-03-27T15:31:21","guid":{"rendered":"https:\/\/medaxis.com\/solutions"},"modified":"2025-09-08T18:35:42","modified_gmt":"2025-09-08T18:35:42","slug":"solutions","status":"publish","type":"page","link":"https:\/\/medaxis.com\/fr\/solutions","title":{"rendered":"Solutions"},"content":{"rendered":"\n<section class=\"hero hero--height-large hero--align-left u-color-scheme-light\"style=\"margin-bottom: var(--mdx-preset-spacing-40);\"id=\"block_294a3dd76156118a736a433627333dbc\">\n  <div class=\"hero__container \">\n    <div class=\"hero__inner\">\n              <div class=\"hero__media\">\n          \n<picture class=\"hero__image\">\n  \n  <img decoding=\"async\"\n    src=\"\/wp-content\/uploads\/2025\/03\/mdx-hero-bg-1024x576.jpg\"\n    srcset=\"\/wp-content\/uploads\/2025\/03\/mdx-hero-bg-1024x576.jpg 1024w, \/wp-content\/uploads\/2025\/03\/mdx-hero-bg-300x169.jpg 300w, \/wp-content\/uploads\/2025\/03\/mdx-hero-bg-768x432.jpg 768w, \/wp-content\/uploads\/2025\/03\/mdx-hero-bg-1536x864.jpg 1536w, \/wp-content\/uploads\/2025\/03\/mdx-hero-bg-scaled.jpg 2048w\"\n    alt=\"\"\n    loading=\"lazy\"\n    width=\"1024\"\n    height=\"576\"\n    style=\"\n                \"\n    sizes=\"(max-width: 767px) calc(100vw - (20px * 2)), calc(min(100vw, 1440px) - (20px * 2))\"\n    >\n<\/picture>        <\/div>\n      \n      <div class=\"hero__container container container--lg\">\n        \n<div id=\"\" class=\"content-block u-text-align-left hero__content\" style=\"--content-max-width: 720px;\" >\n  \n      <h2 class=\"content-block__title t-heading-medium\">\n      Engag\u00e9s \u00e0 travers le continuum    <\/h2>\n  \n      <div class=\"content-block__text t-body-large\">\n      <p>Les solutions de th\u00e9rapie par plaies Medaxis pr\u00e9parent le lit de la plaie \u00e0 la gu\u00e9rison et cr\u00e9ent un environnement de gu\u00e9rison optimal des plaies dans tous les contextes de soins.<\/p>\n    <\/div>\n  \n      <div class=\"content-block__buttons\">\n                        <a                          href=\"\/fr\/contact-us\"\n              target=\"_self\"\n                        class=\"button  \"\n                        >\n                          Contactez-nous                      <\/a>\n                  <\/div>\n  <\/div>\n      <\/div>\n    <\/div>\n  <\/div>\n<\/section>\n\n\n<section class=\"icon-title-list u-color-scheme-default\"style=\"margin-top: var(--mdx-preset-spacing-40);margin-bottom: var(--mdx-preset-spacing-40);\"id=\"block_ca057a125101a4833dcc4ffb159fc706\">\n  <div class=\"icon-title-list__container container container--lg\">\n    <div class=\"icon-title-list__inner\" style=\"background-color: ;\">\n      \n              <div class=\"icon-title-list__items\">\n                      <div class=\"icon-title-list__item\">\n                              \n<picture class=\"icon-title-list__item-icon\">\n  \n  <img decoding=\"async\"\n    src=\"\/wp-content\/uploads\/2025\/03\/icon-mdx-5.svg\"\n    srcset=\"\"\n    alt=\"\"\n    loading=\"lazy\"\n    width=\"1024\"\n    height=\"1024\"\n    style=\"\n                \"\n    sizes=\"(max-width: 991px) 80px, 100px\"\n    >\n<\/picture>                            \n<div id=\"\" class=\"content-block u-text-align-center \" style=\"\" >\n  \n  \n      <div class=\"content-block__text t-body-large\">\n      Conceptions Intuitives    <\/div>\n  \n  <\/div>\n            <\/div>\n                      <div class=\"icon-title-list__item\">\n                              \n<picture class=\"icon-title-list__item-icon\">\n  \n  <img decoding=\"async\"\n    src=\"\/wp-content\/uploads\/2025\/03\/icon-mdx-3.svg\"\n    srcset=\"\"\n    alt=\"\"\n    loading=\"lazy\"\n    width=\"1024\"\n    height=\"1024\"\n    style=\"\n                \"\n    sizes=\"(max-width: 991px) 80px, 100px\"\n    >\n<\/picture>                            \n<div id=\"\" class=\"content-block u-text-align-center \" style=\"\" >\n  \n  \n      <div class=\"content-block__text t-body-large\">\n      Mod\u00e8les de soins innovants    <\/div>\n  \n  <\/div>\n            <\/div>\n                  <\/div>\n          <\/div>\n  <\/div>\n<\/section>\n\n\n\n<section class=\"image-overlay-text u-color-scheme-accent\"id=\"block_cec2326e2e42c85e37b5cdf126d0d453\">\n  <div class=\"image-overlay-text__container container container--lg\">\n    <div class=\"image-overlay-text__inner\" style=\"background-color: ;\">\n              \n<picture class=\"image-overlay-text__image\">\n  \n  <img decoding=\"async\"\n    src=\"\/wp-content\/uploads\/2025\/03\/mdx-gradient-bg-1024x244.jpg\"\n    srcset=\"\/wp-content\/uploads\/2025\/03\/mdx-gradient-bg-1024x244.jpg 1024w, \/wp-content\/uploads\/2025\/03\/mdx-gradient-bg-300x71.jpg 300w, \/wp-content\/uploads\/2025\/03\/mdx-gradient-bg-768x183.jpg 768w, \/wp-content\/uploads\/2025\/03\/mdx-gradient-bg-1536x366.jpg 1536w, \/wp-content\/uploads\/2025\/03\/mdx-gradient-bg.jpg 2048w\"\n    alt=\"\"\n    loading=\"lazy\"\n    width=\"1024\"\n    height=\"244\"\n    style=\"\n                \"\n    sizes=\"(max-width: 767px) calc(100vw - (20px * 2)), calc(min(100vw, 1240px) - (20px * 2))\"\n    >\n<\/picture>      \n      \n<div id=\"\" class=\"content-block u-text-align-center image-overlay-text__content\" style=\"--content-max-width: 960px;\" >\n  \n  \n      <div class=\"content-block__text t-body-x-large\">\n      <p>&nbsp;<\/p>\n<p>Nos solutions de th\u00e9rapie des plaies dynamiques sont polyvalentes, fiables et faciles \u00e0 utiliser, garantissant la continuit\u00e9 des soins.<\/p>\n<p>&nbsp;<\/p>\n    <\/div>\n  \n  <\/div>\n    <\/div>\n  <\/div>\n<\/section>\n\n\n\n<section class=\"interactive-cards u-color-scheme-default\"style=\"margin-top: var(--mdx-preset-spacing-40);margin-bottom: var(--mdx-preset-spacing-40);\"id=\"block_d84d61a86d5b59b11f9063c1d4d45a92\">\n  <div class=\"interactive-cards__container container container--lg\">\n    <div class=\"interactive-cards__inner\" style=\"background-color: initial;\">\n      \n<div id=\"\" class=\"content-block u-text-align-center interactive-cards__header\" style=\"--content-max-width: 600px;\" >\n  \n      <h2 class=\"content-block__title t-heading-medium\">\n      Th\u00e9rapie des plaies par pression n\u00e9gative (NPWT)    <\/h2>\n  \n      <div class=\"content-block__text t-body-large\">\n      <p>L&rsquo;h\u00e9ritage de plus de 60 ans d&rsquo;expertise et d&rsquo;innovation de Medaxis fait de nous un partenaire de confiance pour le NPWT.<\/p>\n    <\/div>\n  \n  <\/div>\n\n              <div class=\"interactive-cards__items\">\n                                  <div class=\"interactive-cards__item\">\n              <div class=\"swiper-container\">\n                <div class=\"swiper-wrapper\">\n                                      \n<div class=\"mdx-card u-color-scheme-light mdx-card--border-soft swiper-slide\" >\n      <a\n      href=\"\/fr\/products\/npwt\"\n      title=\"Libert\u00e9 NPWT Solution\"\n      target=\"_self\"\n      class=\"mdx-card__link\">\n              <span class=\"button button--icon\">\n          <svg width=\"19\" height=\"13\" viewBox=\"0 0 19 13\">\n            <path stroke=\"currentColor\" stroke-linecap=\"square\" d=\"M1 6.4h17.06m0 0L12.66 1m5.4 5.4-5.407 5.408\" \/>\n          <\/svg>\n        <\/span>\n          <\/a>\n  \n  \n<picture class=\"mdx-card__image\">\n  \n  <img decoding=\"async\"\n    src=\"\/wp-content\/uploads\/2025\/04\/liberty-npwt-pdp.jpg\"\n    srcset=\"\/wp-content\/uploads\/2025\/04\/liberty-npwt-pdp.jpg 586w, \/wp-content\/uploads\/2025\/04\/liberty-npwt-pdp-300x249.jpg 300w\"\n    alt=\"\"\n    loading=\"lazy\"\n    width=\"586\"\n    height=\"487\"\n    style=\"\n                \"\n    sizes=\"(max-width: 767px) calc(100vw - (20px * 2)), calc((min(100vw, 1240px) - (20px * 2) - (24px * 1)) \/ 2)\"\n    >\n<\/picture>\n  \n<div id=\"\" class=\"content-block u-text-align-left mdx-card__content\" style=\"\" >\n  \n      <h3 class=\"content-block__title t-heading-medium\">\n      Libert\u00e9 <br> NPWT Solution    <\/h3>\n  \n  \n  <\/div>\n<\/div>\n                                  <\/div>\n                              <\/div>\n            <\/div>\n                                  <div class=\"interactive-cards__item\">\n              <div class=\"swiper-container\">\n                <div class=\"swiper-wrapper\">\n                                      \n<div class=\"mdx-card u-color-scheme-light mdx-card--border-soft swiper-slide\" >\n      <a\n      href=\"\/products\/npwt\"\n      title=\"Motion NPWT Solution\"\n      target=\"_self\"\n      class=\"mdx-card__link\">\n              <span class=\"button button--icon\">\n          <svg width=\"19\" height=\"13\" viewBox=\"0 0 19 13\">\n            <path stroke=\"currentColor\" stroke-linecap=\"square\" d=\"M1 6.4h17.06m0 0L12.66 1m5.4 5.4-5.407 5.408\" \/>\n          <\/svg>\n        <\/span>\n          <\/a>\n  \n  \n<picture class=\"mdx-card__image\">\n  \n  <img decoding=\"async\"\n    src=\"\/wp-content\/uploads\/2025\/04\/motion-npwt-pdp-1024x851.jpg\"\n    srcset=\"\/wp-content\/uploads\/2025\/04\/motion-npwt-pdp-1024x851.jpg 1024w, \/wp-content\/uploads\/2025\/04\/motion-npwt-pdp-300x249.jpg 300w, \/wp-content\/uploads\/2025\/04\/motion-npwt-pdp-768x638.jpg 768w, \/wp-content\/uploads\/2025\/04\/motion-npwt-pdp.jpg 1172w\"\n    alt=\"\"\n    loading=\"lazy\"\n    width=\"1024\"\n    height=\"851\"\n    style=\"\n                \"\n    sizes=\"(max-width: 767px) calc(100vw - (20px * 2)), calc((min(100vw, 1240px) - (20px * 2) - (24px * 1)) \/ 2)\"\n    >\n<\/picture>\n  \n<div id=\"\" class=\"content-block u-text-align-left mdx-card__content\" style=\"\" >\n  \n      <h3 class=\"content-block__title t-heading-medium\">\n      Motion <br> NPWT Solution    <\/h3>\n  \n  \n  <\/div>\n<\/div>\n                                  <\/div>\n                              <\/div>\n            <\/div>\n                  <\/div>\n          <\/div>\n  <\/div>\n  <\/div>\n<\/section>\n\n\n\n<section class=\"card-grid u-color-scheme-default\"style=\"margin-top: var(--mdx-preset-spacing-50);margin-bottom: var(--mdx-preset-spacing-10);\"id=\"block_112cd9225722726761c3cfcd300e2932\">\n  <div class=\"card-grid__container container container--lg\">\n    <div class=\"card-grid__inner\" style=\"background-color: ;\">\n      \n<div id=\"\" class=\"content-block u-text-align-center card-grid__header\" style=\"--content-max-width: 720px;\" >\n  \n      <h2 class=\"content-block__title t-heading-medium\">\n      Complices    <\/h2>\n  \n      <div class=\"content-block__text t-body-large\">\n      <p>L&rsquo;ensemble de notre portefeuille de pompes et de pansements est interchangeable avec des tubes \u00e0 raccords rapides, garantissant une connexion s\u00e9curis\u00e9e entre la pompe et le pansement.<\/p>\n    <\/div>\n  \n  <\/div>\n\n              <div class=\"card-grid__items container container--lg swiper-container\" data-component=\"card-grid\" data-slider-mobile-enabled=\"true\">\n          <div class=\"card-grid__items-inner swiper-wrapper has-3-per-row\">\n                          \n<div class=\"mdx-card u-color-scheme-light mdx-card--border-pill card-grid__item swiper-slide\" >\n  \n  \n<picture class=\"mdx-card__image\">\n  \n  <img decoding=\"async\"\n    src=\"\/wp-content\/uploads\/2025\/03\/foam-and-gauze-dressing-kits-e1744920952809.jpeg\"\n    srcset=\"\/wp-content\/uploads\/2025\/03\/foam-and-gauze-dressing-kits-e1744920952809.jpeg 767w, \/wp-content\/uploads\/2025\/03\/foam-and-gauze-dressing-kits-e1744920952809-300x254.jpeg 300w\"\n    alt=\"\"\n    loading=\"lazy\"\n    width=\"767\"\n    height=\"650\"\n    style=\"\n                \"\n    sizes=\"(max-width: 767px) calc(100vw - (20px * 2)), calc((min(100vw, 1240px) - (20px * 2) - (24px * 2)) \/ 3)\"\n    >\n<\/picture>\n  \n<div id=\"\" class=\"content-block u-text-align-left mdx-card__content\" style=\"\" >\n  \n      <h3 class=\"content-block__title t-heading-small\">\n      Kits de pansement en mousse et en gaze    <\/h3>\n  \n  \n  <\/div>\n<\/div>\n                          \n<div class=\"mdx-card u-color-scheme-light mdx-card--border-pill card-grid__item swiper-slide\" >\n  \n  \n<picture class=\"mdx-card__image\">\n  \n  <img decoding=\"async\"\n    src=\"\/wp-content\/uploads\/2025\/03\/integrated-dressing-e1744921110218.jpeg\"\n    srcset=\"\/wp-content\/uploads\/2025\/03\/integrated-dressing-e1744921110218.jpeg 765w, \/wp-content\/uploads\/2025\/03\/integrated-dressing-e1744921110218-300x255.jpeg 300w\"\n    alt=\"\"\n    loading=\"lazy\"\n    width=\"765\"\n    height=\"650\"\n    style=\"\n                \"\n    sizes=\"(max-width: 767px) calc(100vw - (20px * 2)), calc((min(100vw, 1240px) - (20px * 2) - (24px * 2)) \/ 3)\"\n    >\n<\/picture>\n  \n<div id=\"\" class=\"content-block u-text-align-left mdx-card__content\" style=\"\" >\n  \n      <h3 class=\"content-block__title t-heading-small\">\n      V\u00eatement int\u00e9gr\u00e9    <\/h3>\n  \n  \n  <\/div>\n<\/div>\n                          \n<div class=\"mdx-card u-color-scheme-light mdx-card--border-pill card-grid__item swiper-slide\" >\n  \n  \n<picture class=\"mdx-card__image\">\n  \n  <img decoding=\"async\"\n    src=\"\/wp-content\/uploads\/2025\/03\/white-foam.jpeg\"\n    srcset=\"\/wp-content\/uploads\/2025\/03\/white-foam.jpeg 767w, \/wp-content\/uploads\/2025\/03\/white-foam-300x254.jpeg 300w\"\n    alt=\"\"\n    loading=\"lazy\"\n    width=\"767\"\n    height=\"650\"\n    style=\"\n                \"\n    sizes=\"(max-width: 767px) calc(100vw - (20px * 2)), calc((min(100vw, 1240px) - (20px * 2) - (24px * 2)) \/ 3)\"\n    >\n<\/picture>\n  \n<div id=\"\" class=\"content-block u-text-align-left mdx-card__content\" style=\"\" >\n  \n      <h3 class=\"content-block__title t-heading-small\">\n      Mousse blanche*    <\/h3>\n  \n  \n  <\/div>\n<\/div>\n                          \n<div class=\"mdx-card u-color-scheme-light mdx-card--border-pill card-grid__item swiper-slide\" >\n  \n  \n<picture class=\"mdx-card__image\">\n  \n  <img decoding=\"async\"\n    src=\"\/wp-content\/uploads\/2025\/03\/abdominal-dressing-kit.jpeg\"\n    srcset=\"\/wp-content\/uploads\/2025\/03\/abdominal-dressing-kit.jpeg 765w, \/wp-content\/uploads\/2025\/03\/abdominal-dressing-kit-300x255.jpeg 300w\"\n    alt=\"\"\n    loading=\"lazy\"\n    width=\"765\"\n    height=\"650\"\n    style=\"\n                \"\n    sizes=\"(max-width: 767px) calc(100vw - (20px * 2)), calc((min(100vw, 1240px) - (20px * 2) - (24px * 2)) \/ 3)\"\n    >\n<\/picture>\n  \n<div id=\"\" class=\"content-block u-text-align-left mdx-card__content\" style=\"\" >\n  \n      <h3 class=\"content-block__title t-heading-small\">\n      Kit de pansement abdominal    <\/h3>\n  \n  \n  <\/div>\n<\/div>\n                          \n<div class=\"mdx-card u-color-scheme-light mdx-card--border-pill card-grid__item swiper-slide\" >\n  \n  \n<picture class=\"mdx-card__image\">\n  \n  <img decoding=\"async\"\n    src=\"\/wp-content\/uploads\/2025\/03\/y-connector.jpeg\"\n    srcset=\"\/wp-content\/uploads\/2025\/03\/y-connector.jpeg 767w, \/wp-content\/uploads\/2025\/03\/y-connector-300x254.jpeg 300w\"\n    alt=\"\"\n    loading=\"lazy\"\n    width=\"767\"\n    height=\"650\"\n    style=\"\n                \"\n    sizes=\"(max-width: 767px) calc(100vw - (20px * 2)), calc((min(100vw, 1240px) - (20px * 2) - (24px * 2)) \/ 3)\"\n    >\n<\/picture>\n  \n<div id=\"\" class=\"content-block u-text-align-left mdx-card__content\" style=\"\" >\n  \n      <h3 class=\"content-block__title t-heading-small\">\n      Y-Connecteur    <\/h3>\n  \n  \n  <\/div>\n<\/div>\n                          \n<div class=\"mdx-card u-color-scheme-light mdx-card--border-pill card-grid__item swiper-slide\" >\n  \n  \n<picture class=\"mdx-card__image\">\n  \n  <img decoding=\"async\"\n    src=\"\/wp-content\/uploads\/2025\/03\/silverloin.jpeg\"\n    srcset=\"\/wp-content\/uploads\/2025\/03\/silverloin.jpeg 767w, \/wp-content\/uploads\/2025\/03\/silverloin-300x254.jpeg 300w\"\n    alt=\"\"\n    loading=\"lazy\"\n    width=\"767\"\n    height=\"650\"\n    style=\"\n                \"\n    sizes=\"(max-width: 767px) calc(100vw - (20px * 2)), calc((min(100vw, 1240px) - (20px * 2) - (24px * 2)) \/ 3)\"\n    >\n<\/picture>\n  \n<div id=\"\" class=\"content-block u-text-align-left mdx-card__content\" style=\"\" >\n  \n      <h3 class=\"content-block__title t-heading-small\">\n      Silverlon*    <\/h3>\n  \n  \n  <\/div>\n<\/div>\n                      <\/div>\n\n                      <div class=\"card-grid__label\">\n              *Disponible uniquement aux \u00c9tats-Unis            <\/div>\n          \n                      <div class=\"card-grid__pagination\" data-slider-pagination><\/div>\n                  <\/div>\n          <\/div>\n  <\/div>\n<\/section>\n\n\n\n<section class=\"interactive-cards u-color-scheme-default\"style=\"margin-top: var(--mdx-preset-spacing-50);margin-bottom: var(--mdx-preset-spacing-50);\"id=\"block_590c6cadd89a3885a985911b3c8ac31e\">\n  <div class=\"interactive-cards__container container container--lg\">\n    <div class=\"interactive-cards__inner\" style=\"background-color: initial;\">\n      \n<div id=\"\" class=\"content-block u-text-align-center interactive-cards__header\" style=\"--content-max-width: 720px;\" >\n  \n      <h2 class=\"content-block__title t-heading-medium\">\n      Th\u00e9rapie par microjet pour les blessures    <\/h2>\n  \n      <div class=\"content-block__text t-body-large\">\n      <p>La th\u00e9rapie par microjet optimise la pr\u00e9paration du lit de la plaie pour favoriser la gu\u00e9rison.<\/p>\n    <\/div>\n  \n  <\/div>\n\n              <div class=\"interactive-cards__items interactive-cards__items--single\">\n                                  <div class=\"interactive-cards__item\">\n              <div class=\"swiper-container\">\n                <div class=\"swiper-wrapper\">\n                                      \n<div class=\"mdx-card u-color-scheme-light mdx-card--border-soft swiper-slide\" >\n      <a\n      href=\"\/fr\/products\/microjet-wound-therapy\"\n      title=\"Microjet MWT Solution\"\n      target=\"_self\"\n      class=\"mdx-card__link\">\n              <span class=\"button button--icon\">\n          <svg width=\"19\" height=\"13\" viewBox=\"0 0 19 13\">\n            <path stroke=\"currentColor\" stroke-linecap=\"square\" d=\"M1 6.4h17.06m0 0L12.66 1m5.4 5.4-5.407 5.408\" \/>\n          <\/svg>\n        <\/span>\n          <\/a>\n  \n  \n<picture class=\"mdx-card__image\">\n  \n  <img decoding=\"async\"\n    src=\"\/wp-content\/uploads\/2025\/04\/microjet-mwt-pdp-1024x420.jpg\"\n    srcset=\"\/wp-content\/uploads\/2025\/04\/microjet-mwt-pdp-1024x420.jpg 1024w, \/wp-content\/uploads\/2025\/04\/microjet-mwt-pdp-300x123.jpg 300w, \/wp-content\/uploads\/2025\/04\/microjet-mwt-pdp-768x315.jpg 768w, \/wp-content\/uploads\/2025\/04\/microjet-mwt-pdp-1536x631.jpg 1536w, \/wp-content\/uploads\/2025\/04\/microjet-mwt-pdp.jpg 2048w\"\n    alt=\"\"\n    loading=\"lazy\"\n    width=\"1024\"\n    height=\"420\"\n    style=\"\n                \"\n    sizes=\"(max-width: 767px) calc(100vw - (20px * 2)), calc((min(100vw, 1240px) - (20px * 2) - (24px * 0)) \/ 1)\"\n    >\n<\/picture>\n  \n<div id=\"\" class=\"content-block u-text-align-left mdx-card__content\" style=\"\" >\n  \n      <h3 class=\"content-block__title t-heading-medium\">\n      Microjet <br> MWT Solution    <\/h3>\n  \n  \n  <\/div>\n<\/div>\n                                  <\/div>\n                              <\/div>\n            <\/div>\n                                  <div class=\"interactive-cards__item\">\n              <div class=\"swiper-container\">\n                <div class=\"swiper-wrapper\">\n                                  <\/div>\n                              <\/div>\n            <\/div>\n                  <\/div>\n          <\/div>\n  <\/div>\n  <\/div>\n<\/section>\n\n\n\n<section class=\"service-cards u-color-scheme-default has-background\"style=\"margin-top: var(--mdx-preset-spacing-30);margin-bottom: var(--mdx-preset-spacing-30);\"id=\"block_b822e3140f10d4826ff6811fad1477e3\">\n  <div class=\"service-cards__container container container--xxl\">\n    <div class=\"service-cards__inner\" style=\"background-color: #f6f6f6;\">\n      \n<div id=\"\" class=\"content-block u-text-align-center service-cards__header\" style=\"--content-max-width: 720px;\" >\n  \n      <h2 class=\"content-block__title t-heading-medium\">\n      Qui nous servons    <\/h2>\n  \n  \n      <div class=\"content-block__buttons\">\n                        <a                          href=\"\/fr\/solutions\"\n              target=\"_self\"\n                        class=\"button  \"\n                        >\n                          En savoir plus                      <\/a>\n                  <\/div>\n  <\/div>\n\n              <div class=\"container container--lg\">\n          <div class=\"service-cards__items\">\n                          <div class=\"service-cards__item u-color-scheme-secondary-accent-heading\">\n                                  <a href=\"\/fr\/patients\" class=\"service-cards__item-link\"><\/a>\n                \n                                  \n<picture class=\"service-cards__item-image\">\n  \n  <img decoding=\"async\"\n    src=\"\/wp-content\/uploads\/2025\/04\/patients-updated.jpg\"\n    srcset=\"\/wp-content\/uploads\/2025\/04\/patients-updated.jpg 766w, \/wp-content\/uploads\/2025\/04\/patients-updated-300x293.jpg 300w\"\n    alt=\"\"\n    loading=\"lazy\"\n    width=\"766\"\n    height=\"748\"\n    style=\"\n                \"\n    sizes=\"(max-width: 767px) calc(100vw - (20px * 2)), calc((min(100vw, 1440px) - (20px * 2) - (24px * 2)) \/ 3)\"\n    >\n<\/picture>                                \n<div id=\"\" class=\"content-block u-text-align-left service-cards__item-content\" style=\"\" >\n  \n      <h2 class=\"content-block__title t-heading-small\">\n      Patients    <\/h2>\n  \n      <div class=\"content-block__text t-body-normal\">\n      <p>Nos syst\u00e8mes NPWT sont tr\u00e8s silencieux, l\u00e9gers et ont une longue dur\u00e9e de vie de batterie pour vous soutenir dans votre parcours de gu\u00e9rison.<\/p>\n    <\/div>\n  \n      <div class=\"content-block__buttons\">\n                        <a                          href=\"\/fr\/patients\"\n              target=\"_self\"\n                        class=\"button  button--icon\"\n            title=\"Patients\"            >\n                          <svg width=\"19\" height=\"13\" viewBox=\"0 0 19 13\">\n                <path stroke=\"currentColor\" stroke-linecap=\"square\" d=\"M1 6.4h17.06m0 0L12.66 1m5.4 5.4-5.407 5.408\" \/>\n              <\/svg>\n                      <\/a>\n                  <\/div>\n  <\/div>\n              <\/div>\n                          <div class=\"service-cards__item u-color-scheme-secondary-accent-heading\">\n                                  <a href=\"\/fr\/healthcare-professionals\" class=\"service-cards__item-link\"><\/a>\n                \n                                  \n<picture class=\"service-cards__item-image\">\n  \n  <img decoding=\"async\"\n    src=\"\/wp-content\/uploads\/2025\/08\/medaxis-hcp.jpg\"\n    srcset=\"\/wp-content\/uploads\/2025\/08\/medaxis-hcp.jpg 767w, \/wp-content\/uploads\/2025\/08\/medaxis-hcp-300x293.jpg 300w\"\n    alt=\"\"\n    loading=\"lazy\"\n    width=\"767\"\n    height=\"748\"\n    style=\"\n                \"\n    sizes=\"(max-width: 767px) calc(100vw - (20px * 2)), calc((min(100vw, 1440px) - (20px * 2) - (24px * 2)) \/ 3)\"\n    >\n<\/picture>                                \n<div id=\"\" class=\"content-block u-text-align-left service-cards__item-content\" style=\"\" >\n  \n      <h2 class=\"content-block__title t-heading-small\">\n      Professionnels de la sant\u00e9    <\/h2>\n  \n      <div class=\"content-block__text t-body-normal\">\n      <p><span style=\"font-weight: 400;\">Les solutions de th\u00e9rapie des plaies Medaxis offrent aux cliniciens confiance et contr\u00f4le pour faire progresser la gu\u00e9rison des plaies.<\/span><\/p>\n    <\/div>\n  \n      <div class=\"content-block__buttons\">\n                        <a                          href=\"\/fr\/healthcare-professionals\"\n              target=\"_self\"\n                        class=\"button  button--icon\"\n            title=\"Professionnels de la sant\u00e9\"            >\n                          <svg width=\"19\" height=\"13\" viewBox=\"0 0 19 13\">\n                <path stroke=\"currentColor\" stroke-linecap=\"square\" d=\"M1 6.4h17.06m0 0L12.66 1m5.4 5.4-5.407 5.408\" \/>\n              <\/svg>\n                      <\/a>\n                  <\/div>\n  <\/div>\n              <\/div>\n                      <\/div>\n        <\/div>\n          <\/div>\n  <\/div>\n  <\/div>\n<\/section>\n","protected":false},"excerpt":{"rendered":"","protected":false},"author":2,"featured_media":0,"parent":0,"menu_order":0,"comment_status":"closed","ping_status":"closed","template":"","meta":{"_acf_changed":true,"inline_featured_image":false,"footnotes":""},"class_list":["post-1179","page","type-page","status-publish","hentry"],"acf":[],"_links":{"self":[{"href":"https:\/\/medaxis.com\/fr\/wp-json\/wp\/v2\/pages\/1179","targetHints":{"allow":["GET"]}}],"collection":[{"href":"https:\/\/medaxis.com\/fr\/wp-json\/wp\/v2\/pages"}],"about":[{"href":"https:\/\/medaxis.com\/fr\/wp-json\/wp\/v2\/types\/page"}],"author":[{"embeddable":true,"href":"https:\/\/medaxis.com\/fr\/wp-json\/wp\/v2\/users\/2"}],"replies":[{"embeddable":true,"href":"https:\/\/medaxis.com\/fr\/wp-json\/wp\/v2\/comments?post=1179"}],"version-history":[{"count":0,"href":"https:\/\/medaxis.com\/fr\/wp-json\/wp\/v2\/pages\/1179\/revisions"}],"wp:attachment":[{"href":"https:\/\/medaxis.com\/fr\/wp-json\/wp\/v2\/media?parent=1179"}],"curies":[{"name":"wp","href":"https:\/\/api.w.org\/{rel}","templated":true}]}}