{"id":1214,"date":"2025-03-27T15:32:37","date_gmt":"2025-03-27T15:32:37","guid":{"rendered":"https:\/\/medaxis.com\/about-us"},"modified":"2026-02-10T16:40:46","modified_gmt":"2026-02-10T16:40:46","slug":"about-us","status":"publish","type":"page","link":"https:\/\/medaxis.com\/fr\/about-us","title":{"rendered":"\u00c0 propos de nous"},"content":{"rendered":"\n<section class=\"hero hero--height-large hero--align-left u-color-scheme-light\"style=\"margin-bottom: var(--mdx-preset-spacing-40);\"id=\"block_b123476e25b231cee65b1cd84e844274\">\n  <div class=\"hero__container \">\n    <div class=\"hero__inner\">\n              <div class=\"hero__media\">\n          \n<picture class=\"hero__image\">\n      <source media=\"(max-width: 767px)\" srcset=\/wp-content\/uploads\/2025\/04\/medaxis-about-hero-mobile-640x1024.jpg 640w, \/wp-content\/uploads\/2025\/04\/medaxis-about-hero-mobile-188x300.jpg 188w, \/wp-content\/uploads\/2025\/04\/medaxis-about-hero-mobile.jpg 750w>\n  \n  <img decoding=\"async\"\n    src=\"\/wp-content\/uploads\/2025\/04\/medaxis-about-hero-1024x427.jpg\"\n    srcset=\"\/wp-content\/uploads\/2025\/04\/medaxis-about-hero-1024x427.jpg 1024w, \/wp-content\/uploads\/2025\/04\/medaxis-about-hero-300x125.jpg 300w, \/wp-content\/uploads\/2025\/04\/medaxis-about-hero-768x320.jpg 768w, \/wp-content\/uploads\/2025\/04\/medaxis-about-hero-1536x640.jpg 1536w, \/wp-content\/uploads\/2025\/04\/medaxis-about-hero.jpg 2048w\"\n    alt=\"\"\n    loading=\"lazy\"\n    width=\"1024\"\n    height=\"427\"\n    style=\"\n                \"\n    sizes=\"(max-width: 767px) calc(100vw - (20px * 2)), calc(min(100vw, 1440px) - (20px * 2))\"\n    >\n<\/picture>        <\/div>\n      \n      <div class=\"hero__container container container--lg\">\n        \n<div id=\"\" class=\"content-block u-text-align-left hero__content\" style=\"--content-max-width: 720px;\" >\n  \n      <h2 class=\"content-block__title t-heading-medium\">\n      La gu\u00e9rison des blessures qui fonctionne pour vous    <\/h2>\n  \n      <div class=\"content-block__text t-body-large\">\n      <p><span style=\"font-weight: 400;\">Medaxis simplifie le monde de la th\u00e9rapie dynamique des plaies. Nos solutions pr\u00e9parent le lit de la plaie \u00e0 la cicatrisation et cr\u00e9ent un environnement optimal.<\/span><\/p>\n    <\/div>\n  \n      <div class=\"content-block__buttons\">\n                        <a                          href=\"\/fr\/contact-us\"\n              target=\"_self\"\n                        class=\"button  \"\n                        >\n                          Contactez-nous                      <\/a>\n                  <\/div>\n  <\/div>\n      <\/div>\n    <\/div>\n  <\/div>\n<\/section>\n\n\n<section class=\"mdx-rich-text u-color-scheme-accent\"style=\"margin-top: var(--mdx-preset-spacing-50);margin-bottom: var(--mdx-preset-spacing-50);\"id=\"block_c5d8199eadd98edba1fce17e2bb0c0f7\">\n  <div class=\"mdx-rich-text__container container container--lg\">\n    \n<div id=\"\" class=\"content-block u-text-align-center \" style=\"--content-max-width: 1000px;\" >\n  \n      <h2 class=\"content-block__title t-heading-medium\">\n      Qui sommes-nous    <\/h2>\n  \n  \n  <\/div>\n  <\/div>\n<\/section>\n\n\n\n<section class=\"image-text image-text--align-left u-color-scheme-secondary-accent-heading\"style=\"margin-top: var(--mdx-preset-spacing-50);margin-bottom: var(--mdx-preset-spacing-50);\"id=\"block_8d66f4b5ab23cdacd936ad783785def5\">\n  <div class=\"image-text__container container container--md\">\n    <div class=\"image-text__inner\" style=\"background-color: ;\">\n      <div class=\"image-text__inner-container container container--lg\">\n                  <div class=\"image-text__media\">\n            \n<picture class=\"image-text__image\">\n  \n  <img decoding=\"async\"\n    src=\"\/wp-content\/uploads\/2025\/04\/dme-hero-scaled-e1745533769925-1024x688.jpeg\"\n    srcset=\"\/wp-content\/uploads\/2025\/04\/dme-hero-scaled-e1745533769925-1024x688.jpeg 1024w, \/wp-content\/uploads\/2025\/04\/dme-hero-scaled-e1745533769925-300x201.jpeg 300w, \/wp-content\/uploads\/2025\/04\/dme-hero-scaled-e1745533769925-768x516.jpeg 768w, \/wp-content\/uploads\/2025\/04\/dme-hero-scaled-e1745533769925.jpeg 1270w\"\n    alt=\"\"\n    loading=\"lazy\"\n    width=\"1024\"\n    height=\"688\"\n    style=\"\n                \"\n    sizes=\"(max-width: 767px) calc(100vw - (20px * 2)), calc((min(100vw, 1080px) - (20px * 2)) * 0.5)\"\n    >\n<\/picture>\n                      <\/div>\n        \n        \n<div id=\"\" class=\"content-block u-text-align-left image-text__content\" style=\"--content-max-width: 720px;\" >\n  \n      <h2 class=\"content-block__title t-heading-small\">\n      L&rsquo;avenir de la th\u00e9rapie des plaies    <\/h2>\n  \n      <div class=\"content-block__text t-body-normal\">\n      <p><span style=\"font-weight: 400;\">Medaxis \u00e9limine les processus lourds, simplifie la continuit\u00e9 des soins et inaugure un nouveau paradigme dans la th\u00e9rapie des plaies.<\/span><\/p>\n    <\/div>\n  \n  <\/div>\n      <\/div>\n    <\/div>\n  <\/div>\n<\/section>\n\n\n\n<section class=\"image-text image-text--align-right u-color-scheme-secondary-accent-heading\"style=\"margin-top: var(--mdx-preset-spacing-50);margin-bottom: var(--mdx-preset-spacing-30);\"id=\"block_6b3284e07c890c1c8696dfdfbefb642a\">\n  <div class=\"image-text__container container container--md\">\n    <div class=\"image-text__inner\" style=\"background-color: ;\">\n      <div class=\"image-text__inner-container container container--lg\">\n                  <div class=\"image-text__media\">\n            \n<picture class=\"image-text__image\">\n  \n  <img decoding=\"async\"\n    src=\"\/wp-content\/uploads\/2025\/04\/about-feature-2.jpg\"\n    srcset=\"\/wp-content\/uploads\/2025\/04\/about-feature-2.jpg 971w, \/wp-content\/uploads\/2025\/04\/about-feature-2-300x201.jpg 300w, \/wp-content\/uploads\/2025\/04\/about-feature-2-768x515.jpg 768w\"\n    alt=\"\"\n    loading=\"lazy\"\n    width=\"971\"\n    height=\"651\"\n    style=\"\n                \"\n    sizes=\"(max-width: 767px) calc(100vw - (20px * 2)), calc((min(100vw, 1080px) - (20px * 2)) * 0.5)\"\n    >\n<\/picture>\n                      <\/div>\n        \n        \n<div id=\"\" class=\"content-block u-text-align-left image-text__content\" style=\"--content-max-width: 720px;\" >\n  \n      <h2 class=\"content-block__title t-heading-small\">\n      Simplifier la continuit\u00e9 des soins    <\/h2>\n  \n      <div class=\"content-block__text t-body-normal\">\n      <p><span style=\"font-weight: 400;\">Les solutions intuitives de Medaxis peuvent fonctionner de mani\u00e8re autonome et en th\u00e9rapie combin\u00e9e pour faire progresser la cicatrisation des plaies.<\/span><\/p>\n    <\/div>\n  \n  <\/div>\n      <\/div>\n    <\/div>\n  <\/div>\n<\/section>\n\n\n\n<section class=\"icon-title-list u-color-scheme-default has-background\"style=\"margin-top: var(--mdx-preset-spacing-50);margin-bottom: var(--mdx-preset-spacing-10);\"id=\"block_5b8bb8ecc4d0539a85951341f261d4bd\">\n  <div class=\"icon-title-list__container container container--xxl\">\n    <div class=\"icon-title-list__inner\" style=\"background-color: #f6f6f6;\">\n      \n<div id=\"\" class=\"content-block u-text-align-center icon-title-list__header\" style=\"--content-max-width: 840px;\" >\n  \n      <h2 class=\"content-block__title t-heading-medium\">\n      Nous sommes engag\u00e9s dans la th\u00e9rapie des plaies    <\/h2>\n  \n  \n  <\/div>\n\n              <div class=\"icon-title-list__items\">\n                      <div class=\"icon-title-list__item\">\n                              \n<picture class=\"icon-title-list__item-icon\">\n  \n  <img decoding=\"async\"\n    src=\"\/wp-content\/uploads\/2025\/04\/icon-mdx-7.svg\"\n    srcset=\"\"\n    alt=\"\"\n    loading=\"lazy\"\n    width=\"1024\"\n    height=\"1024\"\n    style=\"\n                \"\n    sizes=\"(max-width: 991px) 80px, 100px\"\n    >\n<\/picture>                            \n<div id=\"\" class=\"content-block u-text-align-center \" style=\"\" >\n  \n  \n      <div class=\"content-block__text t-body-large\">\n      Innovation    <\/div>\n  \n  <\/div>\n            <\/div>\n                      <div class=\"icon-title-list__item\">\n                              \n<picture class=\"icon-title-list__item-icon\">\n  \n  <img decoding=\"async\"\n    src=\"\/wp-content\/uploads\/2025\/04\/icon-mdx-8.svg\"\n    srcset=\"\"\n    alt=\"\"\n    loading=\"lazy\"\n    width=\"1014\"\n    height=\"1024\"\n    style=\"\n                \"\n    sizes=\"(max-width: 991px) 80px, 100px\"\n    >\n<\/picture>                            \n<div id=\"\" class=\"content-block u-text-align-center \" style=\"\" >\n  \n  \n      <div class=\"content-block__text t-body-large\">\n      Patients et cliniciens    <\/div>\n  \n  <\/div>\n            <\/div>\n                      <div class=\"icon-title-list__item\">\n                              \n<picture class=\"icon-title-list__item-icon\">\n  \n  <img decoding=\"async\"\n    src=\"\/wp-content\/uploads\/2025\/04\/icon-mdx-9.svg\"\n    srcset=\"\"\n    alt=\"\"\n    loading=\"lazy\"\n    width=\"1024\"\n    height=\"1024\"\n    style=\"\n                \"\n    sizes=\"(max-width: 991px) 80px, 100px\"\n    >\n<\/picture>                            \n<div id=\"\" class=\"content-block u-text-align-center \" style=\"\" >\n  \n  \n      <div class=\"content-block__text t-body-large\">\n      Partenariats    <\/div>\n  \n  <\/div>\n            <\/div>\n                  <\/div>\n          <\/div>\n  <\/div>\n<\/section>\n\n\n\n<style>\n.custom-block-team .mdx-card .content-block {\n  row-gap: 12px;\n}\n<\/style>\n\n\n\n<section class=\"card-grid u-color-scheme-light has-background custom-block-team\"style=\"margin-top: var(--mdx-preset-spacing-10);margin-bottom: var(--mdx-preset-spacing-50);\"id=\"block_52b46e98640d8c11b74e3c07e31e4464\">\n  <div class=\"card-grid__container container container--xxl\">\n    <div class=\"card-grid__inner\" style=\"background-color: #232323;\">\n      \n<div id=\"\" class=\"content-block u-text-align-center card-grid__header\" style=\"--content-max-width: 1000px;\" >\n  \n      <h2 class=\"content-block__title t-heading-medium\">\n      Notre \u00e9quipe    <\/h2>\n  \n  \n  <\/div>\n\n              <div class=\"card-grid__items container container--lg swiper-container\" data-component=\"card-grid\" data-slider-mobile-enabled=\"false\">\n          <div class=\"card-grid__items-inner swiper-wrapper has-4-per-row\">\n                          \n<div class=\"mdx-card u-color-scheme-light mdx-card--border-soft card-grid__item swiper-slide\" >\n      <a href=\"https:\/\/www.linkedin.com\/in\/greg-wistisen-1900b342\/\" title=\"Greg Wistisen\" target=\"_blank\" class=\"mdx-card__link\" rel=\"nofollow noopener\">\n              <span class=\"button button--icon\">\n          <svg width=\"19\" height=\"13\" viewBox=\"0 0 19 13\">\n            <path stroke=\"currentColor\" stroke-linecap=\"square\" d=\"M1 6.4h17.06m0 0L12.66 1m5.4 5.4-5.407 5.408\" \/>\n          <\/svg>\n        <\/span>\n          <\/a>\n  \n  \n<picture class=\"mdx-card__image\">\n  \n  <img decoding=\"async\"\n    src=\"\/wp-content\/uploads\/2025\/04\/mdx-greg-e1744924705733-1024x940.jpg\"\n    srcset=\"\/wp-content\/uploads\/2025\/04\/mdx-greg-e1744924705733-1024x940.jpg 1024w, \/wp-content\/uploads\/2025\/04\/mdx-greg-e1744924705733-300x275.jpg 300w, \/wp-content\/uploads\/2025\/04\/mdx-greg-e1744924705733-768x705.jpg 768w, \/wp-content\/uploads\/2025\/04\/mdx-greg-e1744924705733-1536x1410.jpg 1536w, \/wp-content\/uploads\/2025\/04\/mdx-greg-e1744924705733-scaled.jpg 2048w\"\n    alt=\"\"\n    loading=\"lazy\"\n    width=\"1024\"\n    height=\"940\"\n    style=\"\n      --aspect-ratio: 4\/5;          \"\n    sizes=\"(max-width: 767px) calc(100vw - (20px * 2)), calc((min(100vw, 1440px) - (20px * 2) - (24px * 3)) \/ 4)\"\n    >\n<\/picture>\n  \n<div id=\"\" class=\"content-block u-text-align-left mdx-card__content\" style=\"\" >\n  \n      <h3 class=\"content-block__title t-heading-small\">\n      Greg Wistisen    <\/h3>\n  \n      <div class=\"content-block__text t-body-small\">\n      <p>Chief Financial Officer<\/p>\n    <\/div>\n  \n  <\/div>\n<\/div>\n                          \n<div class=\"mdx-card u-color-scheme-light mdx-card--border-soft card-grid__item swiper-slide\" >\n      <a href=\"https:\/\/www.linkedin.com\/in\/dave-johnson-ba46796\/\" title=\"Dave Johnson\" target=\"_blank\" class=\"mdx-card__link\" rel=\"nofollow noopener\">\n              <span class=\"button button--icon\">\n          <svg width=\"19\" height=\"13\" viewBox=\"0 0 19 13\">\n            <path stroke=\"currentColor\" stroke-linecap=\"square\" d=\"M1 6.4h17.06m0 0L12.66 1m5.4 5.4-5.407 5.408\" \/>\n          <\/svg>\n        <\/span>\n          <\/a>\n  \n  \n<picture class=\"mdx-card__image\">\n  \n  <img decoding=\"async\"\n    src=\"\/wp-content\/uploads\/2025\/06\/Dave-Johnson-1024x914.png\"\n    srcset=\"\/wp-content\/uploads\/2025\/06\/Dave-Johnson-1024x914.png 1024w, \/wp-content\/uploads\/2025\/06\/Dave-Johnson-300x268.png 300w, \/wp-content\/uploads\/2025\/06\/Dave-Johnson-768x686.png 768w, \/wp-content\/uploads\/2025\/06\/Dave-Johnson-1536x1371.png 1536w, \/wp-content\/uploads\/2025\/06\/Dave-Johnson-scaled.png 2048w\"\n    alt=\"\"\n    loading=\"lazy\"\n    width=\"1024\"\n    height=\"914\"\n    style=\"\n      --aspect-ratio: 4\/5;          \"\n    sizes=\"(max-width: 767px) calc(100vw - (20px * 2)), calc((min(100vw, 1440px) - (20px * 2) - (24px * 3)) \/ 4)\"\n    >\n<\/picture>\n  \n<div id=\"\" class=\"content-block u-text-align-left mdx-card__content\" style=\"\" >\n  \n      <h3 class=\"content-block__title t-heading-small\">\n      Dave Johnson    <\/h3>\n  \n      <div class=\"content-block__text t-body-small\">\n      <p>Chief Operating Officer<\/p>\n    <\/div>\n  \n  <\/div>\n<\/div>\n                          \n<div class=\"mdx-card u-color-scheme-light mdx-card--border-soft card-grid__item swiper-slide\" >\n      <a href=\"https:\/\/www.linkedin.com\/in\/blanesanders\/\" title=\"Blane Sanders\" target=\"_blank\" class=\"mdx-card__link\" rel=\"nofollow noopener\">\n              <span class=\"button button--icon\">\n          <svg width=\"19\" height=\"13\" viewBox=\"0 0 19 13\">\n            <path stroke=\"currentColor\" stroke-linecap=\"square\" d=\"M1 6.4h17.06m0 0L12.66 1m5.4 5.4-5.407 5.408\" \/>\n          <\/svg>\n        <\/span>\n          <\/a>\n  \n  \n<picture class=\"mdx-card__image\">\n  \n  <img decoding=\"async\"\n    src=\"\/wp-content\/uploads\/2025\/06\/Blane-Sanders-e1750463320792-scaled-e1753391150612-1024x824.jpg\"\n    srcset=\"\/wp-content\/uploads\/2025\/06\/Blane-Sanders-e1750463320792-scaled-e1753391150612-1024x824.jpg 1024w, \/wp-content\/uploads\/2025\/06\/Blane-Sanders-e1750463320792-scaled-e1753391150612-300x241.jpg 300w, \/wp-content\/uploads\/2025\/06\/Blane-Sanders-e1750463320792-scaled-e1753391150612-768x618.jpg 768w, \/wp-content\/uploads\/2025\/06\/Blane-Sanders-e1750463320792-scaled-e1753391150612-1536x1236.jpg 1536w, \/wp-content\/uploads\/2025\/06\/Blane-Sanders-e1750463320792-scaled-e1753391150612.png 1638w\"\n    alt=\"\"\n    loading=\"lazy\"\n    width=\"1024\"\n    height=\"824\"\n    style=\"\n      --aspect-ratio: 4\/5;          \"\n    sizes=\"(max-width: 767px) calc(100vw - (20px * 2)), calc((min(100vw, 1440px) - (20px * 2) - (24px * 3)) \/ 4)\"\n    >\n<\/picture>\n  \n<div id=\"\" class=\"content-block u-text-align-left mdx-card__content\" style=\"\" >\n  \n      <h3 class=\"content-block__title t-heading-small\">\n      Blane Sanders    <\/h3>\n  \n      <div class=\"content-block__text t-body-small\">\n      <p>Chief Marketing and Product Officer<\/p>\n    <\/div>\n  \n  <\/div>\n<\/div>\n                      <\/div>\n\n          \n                      <div class=\"card-grid__pagination\" data-slider-pagination><\/div>\n                  <\/div>\n          <\/div>\n  <\/div>\n<\/section>\n\n\n\n<section class=\"card-grid u-color-scheme-default\"style=\"margin-top: var(--mdx-preset-spacing-40);margin-bottom: var(--mdx-preset-spacing-40);\"id=\"block_0cec12018a323e56ae1faf785f19ccc3\">\n  <div class=\"card-grid__container container container--xxl\">\n    <div class=\"card-grid__inner\" style=\"background-color: ;\">\n      \n              <div class=\"card-grid__items container container--lg swiper-container\" data-component=\"card-grid\" data-slider-mobile-enabled=\"false\">\n          <div class=\"card-grid__items-inner swiper-wrapper has-2-per-row\">\n                          \n<div class=\"mdx-card u-color-scheme-light mdx-card--border-pill card-grid__item swiper-slide\" >\n  \n  \n<picture class=\"mdx-card__image\">\n  \n  <img decoding=\"async\"\n    src=\"\/wp-content\/uploads\/2025\/04\/about-feature-3-1024x569.jpg\"\n    srcset=\"\/wp-content\/uploads\/2025\/04\/about-feature-3-1024x569.jpg 1024w, \/wp-content\/uploads\/2025\/04\/about-feature-3-300x167.jpg 300w, \/wp-content\/uploads\/2025\/04\/about-feature-3-768x427.jpg 768w, \/wp-content\/uploads\/2025\/04\/about-feature-3.jpg 1172w\"\n    alt=\"\"\n    loading=\"lazy\"\n    width=\"1024\"\n    height=\"569\"\n    style=\"\n                \"\n    sizes=\"(max-width: 767px) calc(100vw - (20px * 2)), calc((min(100vw, 1440px) - (20px * 2) - (24px * 1)) \/ 2)\"\n    >\n<\/picture>\n  \n<div id=\"\" class=\"content-block u-text-align-left mdx-card__content\" style=\"\" >\n  \n      <h3 class=\"content-block__title t-heading-small\">\n      Aidez-nous \u00e0 cr\u00e9er une innovation significative    <\/h3>\n  \n  \n      <div class=\"content-block__buttons\">\n                        <a href=\"https:\/\/www.linkedin.com\/company\/medaxis-com\/jobs\/?viewAsMember=true\" target=\"_blank\" class=\"button button--secondary \" rel=\"nofollow noopener\">\n                          See Openings                      <\/a>\n                  <\/div>\n  <\/div>\n<\/div>\n                          \n<div class=\"mdx-card u-color-scheme-light mdx-card--border-pill card-grid__item swiper-slide\" >\n  \n  \n<picture class=\"mdx-card__image\">\n  \n  <img decoding=\"async\"\n    src=\"\/wp-content\/uploads\/2025\/04\/about-feature-4-1024x569.jpg\"\n    srcset=\"\/wp-content\/uploads\/2025\/04\/about-feature-4-1024x569.jpg 1024w, \/wp-content\/uploads\/2025\/04\/about-feature-4-300x167.jpg 300w, \/wp-content\/uploads\/2025\/04\/about-feature-4-768x427.jpg 768w, \/wp-content\/uploads\/2025\/04\/about-feature-4.jpg 1172w\"\n    alt=\"\"\n    loading=\"lazy\"\n    width=\"1024\"\n    height=\"569\"\n    style=\"\n                \"\n    sizes=\"(max-width: 767px) calc(100vw - (20px * 2)), calc((min(100vw, 1440px) - (20px * 2) - (24px * 1)) \/ 2)\"\n    >\n<\/picture>\n  \n<div id=\"\" class=\"content-block u-text-align-left mdx-card__content\" style=\"\" >\n  \n      <h3 class=\"content-block__title t-heading-small\">\n      Contactez-nous    <\/h3>\n  \n  \n      <div class=\"content-block__buttons\">\n                        <a                          href=\"\/contact-us\"\n              target=\"_self\"\n                        class=\"button button--secondary \"\n                        >\n                          See Options                      <\/a>\n                  <\/div>\n  <\/div>\n<\/div>\n                      <\/div>\n\n          \n                      <div class=\"card-grid__pagination\" data-slider-pagination><\/div>\n                  <\/div>\n          <\/div>\n  <\/div>\n<\/section>\n\n\n\n<p><\/p>\n","protected":false},"excerpt":{"rendered":"","protected":false},"author":2,"featured_media":0,"parent":0,"menu_order":0,"comment_status":"closed","ping_status":"closed","template":"","meta":{"_acf_changed":true,"inline_featured_image":false,"footnotes":""},"class_list":["post-1214","page","type-page","status-publish","hentry"],"acf":[],"_links":{"self":[{"href":"https:\/\/medaxis.com\/fr\/wp-json\/wp\/v2\/pages\/1214","targetHints":{"allow":["GET"]}}],"collection":[{"href":"https:\/\/medaxis.com\/fr\/wp-json\/wp\/v2\/pages"}],"about":[{"href":"https:\/\/medaxis.com\/fr\/wp-json\/wp\/v2\/types\/page"}],"author":[{"embeddable":true,"href":"https:\/\/medaxis.com\/fr\/wp-json\/wp\/v2\/users\/2"}],"replies":[{"embeddable":true,"href":"https:\/\/medaxis.com\/fr\/wp-json\/wp\/v2\/comments?post=1214"}],"version-history":[{"count":0,"href":"https:\/\/medaxis.com\/fr\/wp-json\/wp\/v2\/pages\/1214\/revisions"}],"wp:attachment":[{"href":"https:\/\/medaxis.com\/fr\/wp-json\/wp\/v2\/media?parent=1214"}],"curies":[{"name":"wp","href":"https:\/\/api.w.org\/{rel}","templated":true}]}}